{"id":1726,"date":"2025-01-29T12:29:56","date_gmt":"2025-01-29T12:29:56","guid":{"rendered":"https:\/\/pescaengalicia.com\/?page_id=1726"},"modified":"2025-01-29T12:33:43","modified_gmt":"2025-01-29T12:33:43","slug":"envio","status":"publish","type":"page","link":"https:\/\/pescaengalicia.com\/index.php\/envio\/","title":{"rendered":"ENVIO"},"content":{"rendered":"\n<h4 class=\"wp-block-heading\"><strong>1. CONDICIONES DE ENV\u00cdO<\/strong><\/h4>\n\n\n\n<div style=\"height:30px\" aria-hidden=\"true\" class=\"wp-block-spacer\"><\/div>\n\n\n\n<h5 class=\"wp-block-heading\">Opci\u00f3n 1) Entrega en el establecimiento<\/h5>\n\n\n\n<div style=\"height:30px\" aria-hidden=\"true\" class=\"wp-block-spacer\"><\/div>\n\n\n\n<p>Punto de recogida en: PASEO MARITIMO ALCALDE FRANCISCO VAZQUEZ s\/n (INSTALACIONES DE MARINA CORU\u00d1A), CP 5001, A CORU\u00d1A<br>Le avisaremos en cuanto su pedido est\u00e9 preparado (aproximadamente 12-24 horas)<\/p>\n\n\n\n<div style=\"height:30px\" aria-hidden=\"true\" class=\"wp-block-spacer\"><\/div>\n\n\n\n<h5 class=\"wp-block-heading\">Opci\u00f3n 2) Env\u00edo a domicilio a trav\u00e9s de una empresa de transporte:<\/h5>\n\n\n\n<div style=\"height:30px\" aria-hidden=\"true\" class=\"wp-block-spacer\"><\/div>\n\n\n\n<p> GASTOS DE ENVIO, en caso de que los gastos env\u00edo est\u00e9n fuera de lo estipulado por tama\u00f1o y peso, nos pondremos en contacto con usted antes del env\u00edo.<br><br><\/p>\n\n\n\n<h4 class=\"wp-block-heading\"><strong>2. INCIDENCIAS<\/strong><\/h4>\n\n\n\n<div style=\"height:30px\" aria-hidden=\"true\" class=\"wp-block-spacer\"><\/div>\n\n\n\n<h5 class=\"wp-block-heading\">2.1. En el env\u00edo<\/h5>\n\n\n\n<div style=\"height:30px\" aria-hidden=\"true\" class=\"wp-block-spacer\"><\/div>\n\n\n\n<p>En el caso de que no podamos cumplir el plazo m\u00e1ximo de entrega, le informaremos con la mayor brevedad posible para que pueda optar entre seguir adelante con el pedido, o bien anularlo.<\/p>\n\n\n\n<div style=\"height:30px\" aria-hidden=\"true\" class=\"wp-block-spacer\"><\/div>\n\n\n\n<h5 class=\"wp-block-heading\">2.2. En los productos<\/h5>\n\n\n\n<div style=\"height:30px\" aria-hidden=\"true\" class=\"wp-block-spacer\"><\/div>\n\n\n\n<p>Si al recibir tu pedido, por cualquier motivo, alg\u00fan producto estuviera deteriorado, en mal estado, averiado, fuera err\u00f3neo, desprecintado, o cualquier incidencia similar, deber\u00e1s comunic\u00e1rnoslo en un plazo m\u00e1ximo de 48h. desde la recepci\u00f3n y procederemos a su sustituci\u00f3n sin coste alguno.<\/p>\n\n\n\n<div style=\"height:30px\" aria-hidden=\"true\" class=\"wp-block-spacer\"><\/div>\n\n\n\n<h4 class=\"wp-block-heading\"><strong>3. DEVOLUCIONES<\/strong><\/h4>\n\n\n\n<div style=\"height:30px\" aria-hidden=\"true\" class=\"wp-block-spacer\"><\/div>\n\n\n\n<p>Si al recibir el pedido, por cualquier motivo no te interesara, dispone de 14 D\u00cdAS desde la entrega para devolverlo. En este caso, los gastos del env\u00edo correr\u00e1n a cargo del cliente.<\/p>\n\n\n\n<p>Una vez recibida la devoluci\u00f3n en nuestro establecimiento, y despu\u00e9s de comprobar que los productos se encuentran en perfecto estado, procederemos al reintegro del importe del mismo, seg\u00fan la modalidad de pago utilizado para su pago.<\/p>\n\n\n\n<p>No se admitir\u00e1n devoluciones de productos alterados, modificados, utilizados o desprecintados (en caso de disponer de precinto de garant\u00eda en origen).<\/p>\n\n\n\n<div style=\"height:30px\" aria-hidden=\"true\" class=\"wp-block-spacer\"><\/div>\n\n\n\n<h4 class=\"wp-block-heading\"><strong>4. CONDICIONES DE PAGO<\/strong><\/h4>\n\n\n\n<div style=\"height:30px\" aria-hidden=\"true\" class=\"wp-block-spacer\"><\/div>\n\n\n\n<p>Cuando usted compra en PESCA EN GALICIA, puede elegir entre las siguientes modalidades de pago:<\/p>\n\n\n\n<ul class=\"wp-block-list\">\n<li><strong>Tarjeta de cr\u00e9dito<\/strong> PESCA EN GALICIA no recoge, almacena o tiene acceso a sus datos bancarios, puesto que la transacci\u00f3n se realiza mediante el terminal punto de venta (TPV) virtual del banco CAIXABANK.<\/li>\n\n\n\n<li><strong>Transferencia bancaria<\/strong> El pago se realiza mediante un ingreso bancario a:<br><br>&#8211; N\u00famero de cuenta: ES75 2100 4610 2522 0013 7036<br>&#8211; Titular: SERVICIOS FORMATIVOS 2018 S.L.<br><br>Si escoge esta modalidad, el pedido no se comenzar\u00e1 a tramitar hasta que se haya comprobado que se ha realizado el ingreso pertinente.<\/li>\n<\/ul>\n\n\n\n<div style=\"height:30px\" aria-hidden=\"true\" class=\"wp-block-spacer\"><\/div>\n\n\n\n<h4 class=\"wp-block-heading\"><strong>5. DISPONIBILIDAD DE PRODUCTOS<\/strong><\/h4>\n\n\n\n<div style=\"height:30px\" aria-hidden=\"true\" class=\"wp-block-spacer\"><\/div>\n\n\n\n<p>Todas las anteriores condiciones, est\u00e1n sujetas a la disponibilidad de cualquiera de los productos solicitados en el momento de efectuar la compra.<\/p>\n\n\n\n<div style=\"height:30px\" aria-hidden=\"true\" class=\"wp-block-spacer\"><\/div>\n\n\n\n<h4 class=\"wp-block-heading\"><strong>6. D\u00cdAS DE ENV\u00cdO Y ENTREGA<\/strong><\/h4>\n\n\n\n<div style=\"height:30px\" aria-hidden=\"true\" class=\"wp-block-spacer\"><\/div>\n\n\n\n<p>De lunes a viernes. S\u00e1bados y domingos no contabilizan para los plazos de entrega informados.<\/p>\n\n\n\n<div style=\"height:30px\" aria-hidden=\"true\" class=\"wp-block-spacer\"><\/div>\n\n\n\n<h4 class=\"wp-block-heading\"><strong>7. AVISOS DE HORA APROXIMADA DE ENTREGA<\/strong><\/h4>\n\n\n\n<div style=\"height:30px\" aria-hidden=\"true\" class=\"wp-block-spacer\"><\/div>\n\n\n\n<p>En el momento en el que realices tu pedido, recibir\u00e1s un aviso con la hora estimada de llegada a la direcci\u00f3n de env\u00edo.<\/p>\n\n\n\n<p>Si por cualquier motivo, no puedes estar en la direcci\u00f3n destino en ese intervalo horario, rogamos te pongas en contacto con nosotros para indicarnos cualquier otra hora adecuado para la entrega.<\/p>\n\n\n\n<p><\/p>\n","protected":false},"excerpt":{"rendered":"","protected":false},"author":1,"featured_media":0,"parent":0,"menu_order":0,"comment_status":"closed","ping_status":"closed","template":"templates\/template-page-full-width.php","meta":{"footnotes":""},"class_list":["post-1726","page","type-page","status-publish","hentry"],"_links":{"self":[{"href":"https:\/\/pescaengalicia.com\/index.php\/wp-json\/wp\/v2\/pages\/1726","targetHints":{"allow":["GET"]}}],"collection":[{"href":"https:\/\/pescaengalicia.com\/index.php\/wp-json\/wp\/v2\/pages"}],"about":[{"href":"https:\/\/pescaengalicia.com\/index.php\/wp-json\/wp\/v2\/types\/page"}],"author":[{"embeddable":true,"href":"https:\/\/pescaengalicia.com\/index.php\/wp-json\/wp\/v2\/users\/1"}],"replies":[{"embeddable":true,"href":"https:\/\/pescaengalicia.com\/index.php\/wp-json\/wp\/v2\/comments?post=1726"}],"version-history":[{"count":11,"href":"https:\/\/pescaengalicia.com\/index.php\/wp-json\/wp\/v2\/pages\/1726\/revisions"}],"predecessor-version":[{"id":1737,"href":"https:\/\/pescaengalicia.com\/index.php\/wp-json\/wp\/v2\/pages\/1726\/revisions\/1737"}],"wp:attachment":[{"href":"https:\/\/pescaengalicia.com\/index.php\/wp-json\/wp\/v2\/media?parent=1726"}],"curies":[{"name":"wp","href":"https:\/\/api.w.org\/{rel}","templated":true}]}}