{"id":1723,"date":"2025-01-29T11:50:44","date_gmt":"2025-01-29T11:50:44","guid":{"rendered":"https:\/\/pescaengalicia.com\/?page_id=1723"},"modified":"2025-01-29T12:33:08","modified_gmt":"2025-01-29T12:33:08","slug":"devoluciones","status":"publish","type":"page","link":"https:\/\/pescaengalicia.com\/index.php\/devoluciones\/","title":{"rendered":"DEVOLUCIONES"},"content":{"rendered":"\n<h1 class=\"wp-block-heading\"><\/h1>\n\n\n\n<p>Si al recibir el pedido, por cualquier motivo no te interesara, dispone de 14 d\u00edas desde la entrega para devolverlo. En este caso, los gastos del env\u00edo correr\u00e1n a cargo del cliente.<\/p>\n\n\n\n<p>Una vez recibida la devoluci\u00f3n en nuestro establecimiento, y despu\u00e9s de comprobar que los productos se encuentran en perfecto estado, procederemos al reintegro del importe del mismo, seg\u00fan la modalidad de pago utilizado para su pago.<\/p>\n\n\n\n<p>No se admitir\u00e1n devoluciones de productos alterados, modificados, utilizados o desprecintados (en caso de disponer de precinto de garant\u00eda en origen).<\/p>\n\n\n\n<p><\/p>\n","protected":false},"excerpt":{"rendered":"","protected":false},"author":1,"featured_media":0,"parent":0,"menu_order":0,"comment_status":"closed","ping_status":"closed","template":"templates\/template-page-full-width.php","meta":{"footnotes":""},"class_list":["post-1723","page","type-page","status-publish","hentry"],"_links":{"self":[{"href":"https:\/\/pescaengalicia.com\/index.php\/wp-json\/wp\/v2\/pages\/1723","targetHints":{"allow":["GET"]}}],"collection":[{"href":"https:\/\/pescaengalicia.com\/index.php\/wp-json\/wp\/v2\/pages"}],"about":[{"href":"https:\/\/pescaengalicia.com\/index.php\/wp-json\/wp\/v2\/types\/page"}],"author":[{"embeddable":true,"href":"https:\/\/pescaengalicia.com\/index.php\/wp-json\/wp\/v2\/users\/1"}],"replies":[{"embeddable":true,"href":"https:\/\/pescaengalicia.com\/index.php\/wp-json\/wp\/v2\/comments?post=1723"}],"version-history":[{"count":2,"href":"https:\/\/pescaengalicia.com\/index.php\/wp-json\/wp\/v2\/pages\/1723\/revisions"}],"predecessor-version":[{"id":1740,"href":"https:\/\/pescaengalicia.com\/index.php\/wp-json\/wp\/v2\/pages\/1723\/revisions\/1740"}],"wp:attachment":[{"href":"https:\/\/pescaengalicia.com\/index.php\/wp-json\/wp\/v2\/media?parent=1723"}],"curies":[{"name":"wp","href":"https:\/\/api.w.org\/{rel}","templated":true}]}}