{"id":1701,"date":"2025-01-29T11:04:50","date_gmt":"2025-01-29T11:04:50","guid":{"rendered":"https:\/\/pescaengalicia.com\/?page_id=1701"},"modified":"2025-01-29T11:44:01","modified_gmt":"2025-01-29T11:44:01","slug":"condicionesdeuso","status":"publish","type":"page","link":"https:\/\/pescaengalicia.com\/index.php\/condicionesdeuso\/","title":{"rendered":"CONDICIONES DE USO"},"content":{"rendered":"\n<h1 class=\"wp-block-heading\"><\/h1>\n\n\n\n<p class=\"has-text-align-left\">Esta p\u00e1gina le describe los t\u00e9rminos de venta de productos de PESCA Y NAUTICA, con domicilio social en PASEO MARITIMO ALCALDE FRANCISCO VAZQUEZ s\/n  (INSTALACIONES DE MARINA CORU\u00d1A), CP 5001, A CORU\u00d1A, ESPA\u00d1A y con CIF n\u00ba B-70568159.<\/p>\n\n\n\n<p><\/p>\n\n\n\n<h4 class=\"wp-block-heading\"><strong>1. Contrato e informaci\u00f3n sobre el procedimiento de pedido<\/strong><\/h4>\n\n\n\n<ul class=\"wp-block-list\">\n<li>1.1 Partes de este contrato: Estos t\u00e9rminos de venta son un acuerdo entre usted, el cliente y SERVICIOS FORMATIVOS 2018 S.L., con domicilio social en PASEO MARITIMO ALCALDE FRANCISCO VAZQUEZ s\/n  (INSTALACIONES DE MARINA CORU\u00d1A), CP 5001, A CORU\u00d1A, ESPA\u00d1A y con CIF n\u00ba B-70568159. <\/li>\n\n\n\n<li>1.2 Aplicaci\u00f3n de estos t\u00e9rminos: Al realizarnos un pedido otorga su consentimiento a estar sujeto a estos t\u00e9rminos de venta y a nuestra pol\u00edtica de devoluciones.<\/li>\n\n\n\n<li>1.3 Su oferta: Cuando presiona el bot\u00f3n \u201cComprar\u201d, realiza una oferta de compra de los productos vendidos por SERVICIOS FORMATIVOS 2018 S.L.. Al presionar el bot\u00f3n \u201cComprar\u201d reconoce expl\u00edcitamente que si lo aceptamos, usted estar\u00e1 obligado a pagar esos productos.<\/li>\n\n\n\n<li>1.4 Copia de estos T\u00e9rminos de Venta: Guardamos una copia del contrato concluido y le enviamos un correo electr\u00f3nico a su vez para que usted sepa el pedido realizado, recomendamos que los imprima como constancia.<\/li>\n\n\n\n<li>1.5 Sus derechos de tipo legal: Como consumidor, tiene los derechos de tipo legal en lo relativo a productos defectuosos o mal descritos, o a su facultad de cancelar el contrato.<\/li>\n\n\n\n<li>1.6 Actualizaciones de estos t\u00e9rminos de venta: Estos t\u00e9rminos de venta se actualizaron por \u00faltima vez el 29\/01\/2025. Nos reservamos el derecho a modificar estos t\u00e9rminos de venta en cualquier momento (lo publicaremos en la Web). Cualquier modificaci\u00f3n de estos t\u00e9rminos de venta hecha despu\u00e9s de que haya enviado su pedido no se aplicar\u00e1 a ese pedido.<\/li>\n\n\n\n<li>1.7 Promociones de Art\u00edculos de Regalo. Solo se enviar\u00e1 un art\u00edculo de regalo por pedido realizado, en caso de devoluci\u00f3n del producto cobrado, el comprador tendr\u00e1 que devolver tambi\u00e9n el producto regalado. La empresa podr\u00e1 cancelar un pedido (realizando su correspondiente abono) cuando se haga un mal uso de los art\u00edculos de regalo o se pidan m\u00e1s de un art\u00edculo de regalo por pedido.<\/li>\n<\/ul>\n\n\n\n<h4 class=\"wp-block-heading\"><strong>2. Precio y compra<\/strong><\/h4>\n\n\n\n<ul class=\"wp-block-list\">\n<li>2.1. Pecios y a qui\u00e9n los paga: Recibiremos y procesaremos el pago de su pedido. Todos los precios (incluyendo los gastos de env\u00edo) de productos llevan incluido el IVA aplicable. Los precios se le muestran antes de realizar su compra y al confirmar su pedido. Nuestros precios pueden cambiar en cualquier momento, pero estos cambios no afectar\u00e1n a su pedido, salvo en las circunstancias descritas en las cl\u00e1usulas 2.4 y 2.5.<\/li>\n\n\n\n<li>2.2. Gastos de env\u00edo: Es posible que los precios incluyan o no los gastos de env\u00edo. Cualquier gasto de ese tipo estar\u00e1 recogido en el apartado de \u201cCondiciones\u201d del acuerdo. Si los gastos de env\u00edo no est\u00e1n incluidos en el precio de compra, tales gastos se mostrar\u00e1n por separado y se a\u00f1adir\u00e1n a la suma total debida antes de que confirme su pedido.<\/li>\n\n\n\n<li>2.3. Realizar su pedido: Despu\u00e9s de realizar un pedido presionando el bot\u00f3n \u201cComprar\u201d y aceptando estos T\u00e9rminos de Venta, se considerar\u00e1 concluido el contrato una vez que usted reciba un correo electr\u00f3nico que confirme nuestra aceptaci\u00f3n del pedido. Sin embargo, nos reservamos el derecho a rechazar su oferta y a no concluir un contrato con usted. Si aceptamos su pedido, recibir\u00e1 otro correo confirmando el env\u00edo de los productos. Por favor, tenga en cuenta que si tenemos una sospecha razonable de que su pedido es fraudulento o de que ha infringido la ley aplicable de otra manera al realizar el pedido, incluso aunque hayamos aceptado su pedido, nos reservamos el derecho a cancelarlo.<\/li>\n\n\n\n<li>2.4. Errores y omisiones: Ocasionalmente se pueden producir errores u omisiones relacionadas con el precio o la descripci\u00f3n de los productos que vendemos. Haremos todo lo que est\u00e9 razonablemente en nuestras manos para corregir cualquier error u omisi\u00f3n tan pronto como sea posible, una vez nos lo hayan notificado o lo hayamos descubierto. Nos reservamos el derecho a cambiar, modificar, sustituir, suspender o quitar sin previo aviso cualquier informaci\u00f3n relacionada con los productos a la venta (incluyendo los mismos productos).<\/li>\n\n\n\n<li>2.5. Errores y omisiones despu\u00e9s de la compra: Cuando hayamos cometido un error u omisi\u00f3n y usted ya haya comprado los productos:\n<ol style=\"list-style-type:lower-alpha\" class=\"wp-block-list\">\n<li>Si el precio real de los productos es menor que el expuesto en el momento en que usted compr\u00f3 los productos, le aplicaremos el precio m\u00e1s bajo; o<\/li>\n\n\n\n<li>Si el precio de los productos es mayor que el expuesto, nos pondremos en contacto con usted y le daremos a elegir entre pagar el precio correcto (el mayor) o cancelar su pedido y recibir el reembolso completo.<\/li>\n<\/ol>\n<\/li>\n<\/ul>\n\n\n\n<h4 class=\"wp-block-heading\"><strong>3. Env\u00edo de los productos<\/strong><\/h4>\n\n\n\n<ul class=\"wp-block-list\">\n<li>3.1. Modificar su pedido: Una vez haya confirmado su pedido no podremos hacer ning\u00fan cambio en \u00e9l, incluyendo la cantidad de productos que pidi\u00f3 o la direcci\u00f3n de env\u00edo. Esta cl\u00e1usula no afecta a sus derechos de tipo legal a ejercer el derecho de desistimiento o a cualquier derecho a devoluci\u00f3n que pudiera tener sobre esta compra en particular.<\/li>\n\n\n\n<li>3.2. Env\u00edo: Las opciones de env\u00edo de var\u00edan seg\u00fan la oferta. <\/li>\n\n\n\n<li>3.3. Estimaciones de fecha de env\u00edo: En las condiciones se establecen las estimaciones de fecha de env\u00edo. Haremos todo lo posible para cumplir con la fecha de env\u00edo anunciada. Rogamos tenga en cuenta que salvo que se indique de otra manera, las estimaciones de fecha de env\u00edo solo son estimaciones. No son fechas de env\u00edo garantizadas y no se deben considerar como tales.<\/li>\n\n\n\n<li>3.4. Titularidad: La titularidad sobre los productos se le transfiere a usted (es decir, los bienes pasan a ser de su propiedad) cuando los bienes son entregados en la direcci\u00f3n de entrega que nos proporcion\u00f3.<\/li>\n<\/ul>\n\n\n\n<h4 class=\"wp-block-heading\"><strong>4. Desistimiento<\/strong><\/h4>\n\n\n\n<ul class=\"wp-block-list\">\n<li>4.1. Su derecho de desistimiento: Ning\u00fan aspecto de estos T\u00e9rminos de Venta afecta a sus derechos de tipo legal a desistir de sus pedidos dentro de los 14 d\u00edas naturales siguientes a la recepci\u00f3n del producto, bien por usted directamente o por un tercero autorizado por usted. Si hubiera pedido varios productos en un solo pedido, o el env\u00edo de sus productos consistiera en varias piezas, el periodo de desistimiento no comenzar\u00e1 hasta que reciba el \u00faltimo objeto o pieza.<\/li>\n\n\n\n<li>4.2. Si quiere desistir de su pedido tiene las siguientes opciones para hacerlo:\n<ol style=\"list-style-type:lower-alpha\" class=\"wp-block-list\">\n<li>Cont\u00e1ctenos v\u00eda\u00a0www.pescaengalicia.com<\/li>\n\n\n\n<li>Por correo postal dirigido a la direcci\u00f3n establecida en la cl\u00e1usula 1.<\/li>\n\n\n\n<li>A trav\u00e9s de aviso entregado en mano.<\/li>\n<\/ol>\n<\/li>\n\n\n\n<li>4.3. Debe tener cuidado razonable en asegurarse que los productos est\u00e9n empaquetados adecuadamente para que no sufran da\u00f1os durante el transporte. Los costes de la devoluci\u00f3n de los productos corren de su cuenta. Le recomendamos que use un servicio de env\u00edo con comprobante para devolver los productos.<\/li>\n\n\n\n<li>4.4. Los siguientes productos est\u00e1n excluidos del derecho de desistimiento:\n<ol style=\"list-style-type:lower-alpha\" class=\"wp-block-list\">\n<li>Bienes perecederos.<\/li>\n\n\n\n<li>Productos fabricados conforme a las especificaciones dadas por usted.<\/li>\n\n\n\n<li>Cualquier otro producto que por raz\u00f3n de su naturaleza no pueda ser devuelto, incluyendo aquellos que hubieran sufrido da\u00f1os durante el transporte.<\/li>\n<\/ol>\n<\/li>\n\n\n\n<li>4.5. Devoluci\u00f3n de los productos: Por favor, recuerde que si ejerce su derecho de desistir de su pedido, debe devolvernos los productos dentro de los 14 d\u00edas naturales a contar desde la comunicaci\u00f3n del desistimiento.<\/li>\n\n\n\n<li>4.6. Si somos nosotros los que cancelamos: Es posible que tengamos que cancelar un pedido antes de que los productos sean enviados debido a una causa ajena a nuestro control, incluyendo la aver\u00eda de equipos o dificultades de transporte. Le contactaremos inmediatamente si esto sucede.<\/li>\n<\/ul>\n\n\n\n<h4 class=\"wp-block-heading\"><strong>5. Devoluciones y reembolsos<\/strong><\/h4>\n\n\n\n<ul class=\"wp-block-list\">\n<li>5.1. Nuestra pol\u00edtica de devoluciones: Cada producto que vendemos est\u00e1 respaldado por nuestra Pol\u00edtica de devoluciones. Adem\u00e1s de su derecho a desistir de la compra de los productos dentro de los 14 d\u00edas naturales siguientes a su recepci\u00f3n por usted mismo o por un tercero autorizado por usted, tambi\u00e9n dispone de todos los derechos de tipo legal aplicables a la devoluci\u00f3n de productos nuevos o restaurados, incluyendo el caso de que los productos proporcionados sean incorrectos o defectuosos.<\/li>\n\n\n\n<li>5.2. Titularidad sobre los productos devueltos: Solo asumimos la titularidad sobre los productos devueltos una vez hayan llegado a nuestra direcci\u00f3n de devoluciones. Nos reservamos el derecho a remitir un reembolso sin requerir una devoluci\u00f3n. En este caso no asumimos la titularidad de los productos devueltos.<\/li>\n\n\n\n<li>5.3. Problemas con sus productos devueltos: Nos reservamos el derecho a negarnos a emitirle un reembolso y a repercutirle el coste de env\u00edo de su devoluci\u00f3n en el caso de que los productos hayan sufrido da\u00f1os despu\u00e9s que le fueran entregados, si los productos han sido usados incorrectamente o de forma discordante con las instrucciones o para su inspecci\u00f3n, o si el problema con el producto se debe a su uso y desgaste normal. La cl\u00e1usula 5.2 no limita ni afecta a su derecho de desistimiento de su contrato y a devolver los productos conforme a la cl\u00e1usula 4, o a sus derechos cuando los productos suministrados sean incorrectos o defectuosos.<\/li>\n<\/ul>\n\n\n\n<h3 class=\"wp-block-heading\">6. Informaci\u00f3n sobre los productos<\/h3>\n\n\n\n<ul class=\"wp-block-list\">\n<li>6.1. No somos fabricantes: No somos los fabricantes de los productos que vendemos. Aunque trabajamos para asegurarnos que los productos se corresponden con la descripci\u00f3n que hemos ofrecido sean de calidad satisfactoria y adecuados para su uso, la informaci\u00f3n del producto puede diferir levemente del producto en concreto. Le recomendamos encarecidamente que lea toda la informaci\u00f3n presente en las etiquetas, avisos y direcciones que acompa\u00f1an al producto antes de su uso. Las garant\u00edas ofrecidas por nosotros, el fabricante o el importador no afectan a los derechos de tipo legal ni a las reclamaciones que sean aplicables bajo este contrato.<\/li>\n\n\n\n<li>6.2. Exactitud de las descripciones: Hemos dado los pasos razonables para ofrecer tan exactamente como sea posible los colores y otros detalles de los productos. Sin embargo, los colores y los detalles que vea en el anuncio depender\u00e1n del equipo que usted use para ver los productos. No podemos garantizar que la imagen de cualquier color o el detalle de su televisi\u00f3n, dispositivo m\u00f3vil, monitor de ordenador u otro dispositivo refleje exactamente el color o el detalle de los productos a su entrega.<\/li>\n\n\n\n<li>6.3. Productos de salud y seguridad: En el caso de los productos de salud, si tuviera alguna preocupaci\u00f3n sobre su seguridad o sobre cualquier otra informaci\u00f3n acerca del producto, le recomendamos que lea detenidamente la informaci\u00f3n provista con el producto o contacte con el fabricante. El contenido de la p\u00e1gina web no pretende sustituir el consejo de cualquier facultativo m\u00e9dico, farmac\u00e9utico u otro licenciado en el \u00e1mbito sanitario. Los clientes deben ponerse en contacto con su servicio de salud inmediatamente si sospechan que tienen alg\u00fan problema m\u00e9dico. No asumimos ninguna responsabilidad por las inexactitudes o declaraciones err\u00f3neas de los fabricantes o terceros sobre los productos.<\/li>\n<\/ul>\n\n\n\n<h4 class=\"wp-block-heading\"><strong>7. Responsabilidad<\/strong><\/h4>\n\n\n\n<ul class=\"wp-block-list\">\n<li>7.1. Los est\u00e1ndares con los que trabajamos: Siempre intentamos hacerlo lo mejor posible en nuestro trabajo y le aseguramos que:\n<ol style=\"list-style-type:lower-alpha\" class=\"wp-block-list\">\n<li>Aplicaremos el cuidado y la habilidad razonable al cumplir con cualquier obligaci\u00f3n conforme a estos T\u00e9rminos de Venta.<\/li>\n\n\n\n<li>Estamos autorizados a vender productos.<\/li>\n\n\n\n<li>Solo vendemos productos para su uso dom\u00e9stico y privado.<\/li>\n\n\n\n<li>Los productos son de calidad satisfactoria y adecuados para su finalidad, y<\/li>\n\n\n\n<li>No actuaremos en contra de los requisitos de diligencia profesional en nuestro trabajo.<\/li>\n<\/ol>\n<\/li>\n\n\n\n<li>7.2. Esta cl\u00e1usula 7 prevalece sobre todas las dem\u00e1s (excepto sobre la cl\u00e1usula1.4) y establece toda nuestra responsabilidad.<\/li>\n\n\n\n<li>7.3. De qu\u00e9 somos responsables: Ning\u00fan punto en estos T\u00e9rminos de Venta podr\u00e1 excluir o limitar nuestra responsabilidad sobre (i) fraude; (ii) mala conducta grave por nuestra parte, excluyendo la mala conducta grave no realizada por nosotros; o (iii) cualquier responsabilidad que no pueda ser excluida o limitada por la ley aplicable. Usted est\u00e1 obligado a tomar las medidas adecuadas para advertir y reducir los da\u00f1os.<\/li>\n\n\n\n<li>7.4. Categor\u00edas de perjuicios de las que no somos responsables: Con independencia de lo dispuesto en la cl\u00e1usula 7.3., dado que solo vendemos productos para su uso dom\u00e9stico y privado, en principio no somos responsables de:\n<ol style=\"list-style-type:lower-alpha\" class=\"wp-block-list\">\n<li>La p\u00e9rdida de rentas o ingresos;<\/li>\n\n\n\n<li>La p\u00e9rdida real o prevista de beneficios;<\/li>\n\n\n\n<li>La p\u00e9rdida de negocio; y<\/li>\n\n\n\n<li>La p\u00e9rdidas indirectas o consecuenciales (y para evitar cualquier duda, entendemos que las palabras \u201cp\u00e9rdidas consecuenciales\u201d significan \u201cp\u00e9rdidas derivadas de consecuencias, ya sean estas p\u00e9rdidas previsibles, sabidas, previstas o de cualquier otra forma\u201d).<\/li>\n<\/ol>\n<\/li>\n\n\n\n<li>7.5. \u201cResponsabilidad\u201d significa responsabilidad por cualquier causa o acci\u00f3n del tipo que sea (incluyendo el incumplimiento de contrato, el agravio, la falsa representaci\u00f3n, la restituci\u00f3n o cualquier otra causa de acci\u00f3n posible) relativa a, derivada de o en conexi\u00f3n con estos T\u00e9rminos de Venta (incluyendo la responsabilidad expresamente ofrecida para estos T\u00e9rminos de Venta o que se derive por motivo de la invalidez o inaplicabilidad de cualquier t\u00e9rmino de estos T\u00e9rminos de Venta).<\/li>\n<\/ul>\n\n\n\n<h4 class=\"wp-block-heading\"><strong>8. Generalidades<\/strong><\/h4>\n\n\n\n<ul class=\"wp-block-list\">\n<li>8.1. Interpretaci\u00f3n: En estos T\u00e9rminos de Venta\n<ol style=\"list-style-type:lower-alpha\" class=\"wp-block-list\">\n<li>Las palabras que denotan personas incluyen personas f\u00edsicas, sociedades, sociedades de responsabilidad limitada, corporaciones y asociaciones de personas sin personalidad jur\u00eddica;<\/li>\n\n\n\n<li>Encabezamientos de cl\u00e1usulas como (\u00ab8. General\u201d al principio de esta cl\u00e1usula) y t\u00edtulos de cl\u00e1usulas (como \u201cInterpretaci\u00f3n:\u201d al principio de esta cl\u00e1usula 8) aparecen simplemente para facilitar la consulta y no forman parte o afectan a la interpretaci\u00f3n de estos T\u00e9rminos de Venta; y<\/li>\n\n\n\n<li>Las referencias a \u201cincluye\u201d e \u201cincluyendo\u201d se deben considerar respectivamente \u201cincluye sin l\u00edmite\u201d y \u201cincluyendo sin l\u00edmite\u201d.<\/li>\n<\/ol>\n<\/li>\n\n\n\n<li>8.2. Inexistencia de sociedad\/agencia: Ning\u00fan contenido de estos T\u00e9rminos de Venta podr\u00e1 ser interpretado para crear una relaci\u00f3n de joint venture, sociedad o agencia entre usted y nosotros, y ninguna parte tendr\u00e1 derecho o autoridad para incurrir en responsabilidad, deudas o gastos, o para concluir cualquier contrato u otros acuerdos en el nombre o en representaci\u00f3n de la otra.<\/li>\n\n\n\n<li>8.3. Cesi\u00f3n: No puede ceder o delegar, ni transferir de cualquier otra forma ninguno de sus derechos u obligaciones derivados de estos T\u00e9rminos de Venta sin nuestra previa aprobaci\u00f3n. No rechazaremos esta aprobaci\u00f3n sin una raz\u00f3n de peso. Nosotros podemos ejercer el derecho de ceder o delegar de otra forma todos o algunos de nuestros derechos u obligaciones derivadas de estos T\u00e9rminos de Venta a cualquier persona.<\/li>\n\n\n\n<li>8.4. Circunstancias excepcionales fuera del control que podemos ejercer razonablemente: No somos responsables de cualquier incumplimiento de nuestras obligaciones nacidas de este acuerdo cuando la causa que nos haya impedido cumplir nuestras obligaciones se encuentre fuera de nuestro control razonable. Si se hubiera producido circunstancia excepcional m\u00e1s all\u00e1 de nuestro control razonable y esta hubiera afectado nuestra capacidad para cumplir con nuestras obligaciones conforme a estos T\u00e9rminos de Venta, nuestras obligaciones se prolongar\u00e1n mientras dure la circunstancia excepcional, y le notificaremos al respecto tan pronto como sea razonablemente posible. Una vez termine la circunstancia excepcional acordaremos con usted una nueva fecha de entrega de sus productos, si fuera posible.<\/li>\n\n\n\n<li>8.5. Nuestra confianza: Nuestro objetivo es confiar solo en los t\u00e9rminos escritos en estos T\u00e9rminos de Venta respecto a la venta de productos para usted, y no en cualquier declaraci\u00f3n hecha en otra parte.<\/li>\n\n\n\n<li>8.6. Exenci\u00f3n de renuncia: Ninguna renuncia nuestra sobre cualquier incumplimiento suyo conforme a estos T\u00e9rminos de Venta puede ser usada o interpretada como una renuncia nuestra sobre futuros incumplimientos, ya sean del mismo o de diferente tipo. Ning\u00fan retraso por nuestra parte al iniciar acciones ante un incumplimiento por su parte le eximir\u00e1, descargar\u00e1 o afectar\u00e1 a su responsabilidad de cualquier otra manera conforme a estos T\u00e9rminos de Venta.<\/li>\n\n\n\n<li>8.7. Notificaciones: Salvo que se disponga de otra manera en estos T\u00e9rminos de Venta, las notificaciones que se hayan de hacer a cualquiera de las partes ser\u00e1n por escrito y entregadas en mano, por correo electr\u00f3nico (salvo que nos env\u00ede una notificaci\u00f3n dentro de un proceso judicial) o mediante correo postal, en su caso en la direcci\u00f3n que usted nos proporcione, y en nuestro caso en nuestra oficina registrada.<\/li>\n\n\n\n<li>8.8. Exclusi\u00f3n de derechos de terceros: Todas las disposiciones de estos T\u00e9rminos de Venta se aplican por igual a y se recogen en beneficio de SERVICIOS FORMATIVOS 2018 S.L., sus empresas filiales, cualquier empresa del grupo, su (o sus) asociados y su (o sus) tercero(s) que les provean de contenidos o licencias y cada uno tendr\u00e1 derecho a ejercer y aplicar tales disposiciones directamente o por su propia cuenta (salvo que estos T\u00e9rminos de Venta puedan ser modificados o rescindidos sin el consentimiento de tales partes). Conforme a la frase anterior, ninguno de estos T\u00e9rminos de Venta puede ser ejercido de otra forma por cualquier otra persona que no sea parte de ellos.<\/li>\n\n\n\n<li>8.9. Subsistencia: En cualquier caso, las disposiciones de las cl\u00e1usulas 1, 2, 4, 7 y 8 de estos T\u00e9rminos de Venta, junto con aquellas disposiciones que bien expresen que han de seguir vigentes tras su expiraci\u00f3n o terminaci\u00f3n, o que por su naturaleza o contexto se contemple que hayan de permanecer en vigor tras dicha terminaci\u00f3n deben seguir vigentes tras la terminaci\u00f3n del Acuerdo.<\/li>\n\n\n\n<li>8.10. Divisibilidad: Si cualquier disposici\u00f3n de este acuerdo fuera considerada ilegal, inv\u00e1lida o inaplicable, tal disposici\u00f3n podr\u00e1 ser eliminada de estos T\u00e9rminos de Venta sin afectar al resto. Si fuera posible, la validez y la aplicabilidad del resto de las disposiciones de estos T\u00e9rminos de Venta no deber\u00e1 verse afectada.<\/li>\n\n\n\n<li>8.11. Ley aplicable y resoluci\u00f3n de conflictos: Haremos todo lo posible para resolver cualquier tipo de disputa sobre estos T\u00e9rminos de Venta. Si deseara iniciar una reclamaci\u00f3n judicial contra nosotros, estos T\u00e9rminos de Venta (y todas las relaciones no contractuales entre usted y nosotros) se interpretar\u00e1n de acuerdo con el derecho espa\u00f1ol y ambas partes se someten por la presente a la jurisdicci\u00f3n exclusiva de los tribunales espa\u00f1oles competentes. Las partes tambi\u00e9n acuerdan que la Convenci\u00f3n de las Naciones Unidas sobre los Contratos de Compraventa Internacional de Mercader\u00edas no se aplica a esta transacci\u00f3n.<\/li>\n<\/ul>\n\n\n\n<h4 class=\"wp-block-heading\"><strong>9. Servicio de atenci\u00f3n al cliente<\/strong><\/h4>\n\n\n\n<p>Informaci\u00f3n de contacto<br>Tel\u00e9fono:&nbsp;<a href=\"tel:981212206\">981 21 22 06<\/a><br>Cont\u00e1ctenos:&nbsp;<a href=\"mailto:pesca@pescaengalicia\">pesca@pescaengalicia.com<\/a><\/p>\n","protected":false},"excerpt":{"rendered":"","protected":false},"author":1,"featured_media":0,"parent":0,"menu_order":0,"comment_status":"closed","ping_status":"closed","template":"templates\/template-page-full-width.php","meta":{"footnotes":""},"class_list":["post-1701","page","type-page","status-publish","hentry"],"_links":{"self":[{"href":"https:\/\/pescaengalicia.com\/index.php\/wp-json\/wp\/v2\/pages\/1701","targetHints":{"allow":["GET"]}}],"collection":[{"href":"https:\/\/pescaengalicia.com\/index.php\/wp-json\/wp\/v2\/pages"}],"about":[{"href":"https:\/\/pescaengalicia.com\/index.php\/wp-json\/wp\/v2\/types\/page"}],"author":[{"embeddable":true,"href":"https:\/\/pescaengalicia.com\/index.php\/wp-json\/wp\/v2\/users\/1"}],"replies":[{"embeddable":true,"href":"https:\/\/pescaengalicia.com\/index.php\/wp-json\/wp\/v2\/comments?post=1701"}],"version-history":[{"count":15,"href":"https:\/\/pescaengalicia.com\/index.php\/wp-json\/wp\/v2\/pages\/1701\/revisions"}],"predecessor-version":[{"id":1722,"href":"https:\/\/pescaengalicia.com\/index.php\/wp-json\/wp\/v2\/pages\/1701\/revisions\/1722"}],"wp:attachment":[{"href":"https:\/\/pescaengalicia.com\/index.php\/wp-json\/wp\/v2\/media?parent=1701"}],"curies":[{"name":"wp","href":"https:\/\/api.w.org\/{rel}","templated":true}]}}