{"id":1228,"date":"2022-01-28T05:02:49","date_gmt":"2022-01-28T05:02:49","guid":{"rendered":"https:\/\/preview.sellerthemes.com\/storely\/demo-1\/?page_id=2"},"modified":"2023-03-22T21:41:04","modified_gmt":"2023-03-22T21:41:04","slug":"politica-cookies","status":"publish","type":"page","link":"https:\/\/pescaengalicia.com\/index.php\/politica-cookies\/","title":{"rendered":"Pol\u00edtica de cookies"},"content":{"rendered":"\n<h4 class=\"wp-block-heading\"><strong>Tipos de datos procesados \/ Enlaces a otras p\u00e1ginas web<\/strong><\/h4>\n\n\n\n<p><br>&nbsp; &nbsp; La Web respeta su privacidad. A trav\u00e9s de este Sitio La Web no recoge ni procesa ning\u00fan tipo de datos personales, excepto los recogidos a trav\u00e9s de los formularios de contacto y las cookies, seg\u00fan se explica a continuaci\u00f3n.<\/p>\n\n\n\n<p>&nbsp; &nbsp; Este Sitio puede contener enlaces a otras p\u00e1ginas web de otras empresas vinculadas o medios sociales. Al pulsar sobre un enlace a otra p\u00e1gina web de La Web o de terceros relacionados, recuerde que estas p\u00e1ginas tienen su propia pol\u00edtica de privacidad. Por favor, antes de usar estas p\u00e1ginas web conozca su pol\u00edtica de privacidad.<\/p>\n\n\n\n<p>&nbsp; &nbsp; La Web no asume ninguna responsabilidad de ning\u00fan tipo sobre las p\u00e1ginas web de terceros que aparezcan vinculadas en este Sitio.<\/p>\n\n\n\n<p>&nbsp; &nbsp; Recogida y uso de la informaci\u00f3n<br>Para mejorar este Sitio, en t\u00e9rminos de rendimiento del sistema y facilidad de uso, as\u00ed como para proporcionar informaci\u00f3n \u00fatil sobre nuestros productos y servicios, recogemos autom\u00e1ticamente y almacenamos informaci\u00f3n en los archivos de registro (log files) de su ordenador.<\/p>\n\n\n\n<p><strong>\u00bfQu\u00e9 tipo de datos incluye esta informaci\u00f3n?<\/strong><\/p>\n\n\n\n<ul class=\"wp-block-list\">\n<li>su direcci\u00f3n IP<\/li>\n\n\n\n<li>tipo de navegador<\/li>\n\n\n\n<li>idioma seleccionado<\/li>\n\n\n\n<li>sistema operativo<\/li>\n\n\n\n<li>proveedor de servicios de Internet (ISP)<\/li>\n\n\n\n<li>fecha\/hora.<\/li>\n<\/ul>\n\n\n\n<p><strong>\u00bfCon qu\u00e9 finalidad usamos esta informaci\u00f3n?<\/strong><\/p>\n\n\n\n<p>&nbsp; &nbsp; Esta informaci\u00f3n se emplea de forma global para mejorar la gesti\u00f3n de este Sitio, analizar las tendencias y recoger datos demogr\u00e1ficos sobre nuestros usuarios. La informaci\u00f3n recogida puede ser usada por nuestros servicios de marketing, publicidad y comunicaci\u00f3n (por ejemplo, para optimizar y mejorar la experiencia del usuario y\/o presentar ofertas especiales, estudios estad\u00edsticos y servicios m\u00e1s atractivos).<\/p>\n\n\n\n<p>&nbsp; &nbsp; &nbsp;Si la informaci\u00f3n no personal es utilizada en combinaci\u00f3n con los Datos Personales, el conjunto es tratado como Datos Personales.<\/p>\n\n\n\n<p><strong>Uso de cookies<\/strong><\/p>\n\n\n\n<p>&nbsp; &nbsp; &nbsp;Para optimizar nuestros servicios, este Sitio, los mensajes enviados por correo electr\u00f3nico, los servicios online, los anuncios y las aplicaciones interactivas pueden utilizar \u201ccookies\u201d<\/p>\n\n\n\n<p><strong>\u00bfQu\u00e9 es una cookie?<\/strong><\/p>\n\n\n\n<p>&nbsp; &nbsp; Una cookie es un fichero (peque\u00f1o archivo) que se descarga en su ordenador al acceder a determinadas p\u00e1ginas web, normalmente formado por letras y n\u00fameros, enviado por el servidor de nuestra web al archivo de cookies de su navegador. Las cookies permiten a nuestra p\u00e1gina web, entre otras cosas, almacenar y recuperar informaci\u00f3n sobre sus h\u00e1bitos de navegaci\u00f3n o de su equipo y recordar su presencia al establecerse una nueva conexi\u00f3n entre nuestro servidor y su navegador. El principal prop\u00f3sito de una cookie es permitir a nuestro servidor presentar p\u00e1ginas web personalizadas que puedan convertir la visita a la web de La Web en una experiencia individual y ajustada a las preferencias personales.<\/p>\n\n\n\n<p><strong>\u00bfQu\u00e9 tipo de cookies emplea este Sitio?<\/strong><\/p>\n\n\n\n<p>&nbsp; &nbsp; 1.) La Web emplea dos tipos de cookies en este Sitio seg\u00fan el tiempo de permanencia:<\/p>\n\n\n\n<p>\u2013<strong>&nbsp;Cookies de sesi\u00f3n:<\/strong>&nbsp;son cookies temporales que permanecen en el archivo de cookies de su navegador mientras est\u00e1 en nuestra p\u00e1gina web. Estas cookies son necesarios para ciertas aplicaciones o funciones y permiten que este Sitio funcione adecuadamente.<\/p>\n\n\n\n<p>\u2013&nbsp;<strong>Cookies persistentes:<\/strong>&nbsp;favorecen la experiencia como usuario (por ejemplo, ofreciendo una navegaci\u00f3n personalizada). Estas cookies permanecen en su navegador durante un periodo de tiempo m\u00e1s amplio. Este periodo depende de los ajustes que haya introducido en su navegador. Las cookies persistentes permiten que la informaci\u00f3n sea transferida al servidor de este Sitio cada vez que lo visita. Tambi\u00e9n se conocen como cookies de seguimiento.<\/p>\n\n\n\n<p>&nbsp; &nbsp; 2.) Seg\u00fan la finalidad para la que se tratan los datos obtenidos, este Sitio emplea los siguientes tipos de cookies:<\/p>\n\n\n\n<p>\u2013&nbsp;<strong>Cookies t\u00e9cnicas:<\/strong>&nbsp;Son aqu\u00e9llas que le permiten la navegaci\u00f3n a trav\u00e9s de una p\u00e1gina web, plataforma o aplicaci\u00f3n y la utilizaci\u00f3n de las diferentes opciones o servicios que en esta existen como, por ejemplo, el control del tr\u00e1fico y la comunicaci\u00f3n de datos, identificar la sesi\u00f3n, acceder a partes de acceso restringido, recordar los elementos que integran un pedido, realizar el proceso de compra de un pedido, realizar la solicitud de inscripci\u00f3n o participaci\u00f3n en un evento, utilizar elementos de seguridad durante la navegaci\u00f3n, almacenar contenidos para la difusi\u00f3n de v\u00eddeos o sonido o compartir contenidos a trav\u00e9s de redes sociales.<\/p>\n\n\n\n<p>\u2013&nbsp;<strong>Cookies de personalizaci\u00f3n:<\/strong>&nbsp;Son aqu\u00e9llas que le permiten acceder al servicio con algunas caracter\u00edsticas de car\u00e1cter general predefinidas en funci\u00f3n de una serie de criterios en el terminal (por ejemplo el idioma, el tipo de navegador a trav\u00e9s del cual accede al servicio, la configuraci\u00f3n regional desde donde accede al servicio, etc).<\/p>\n\n\n\n<p>\u2013&nbsp;<strong>Cookies de an\u00e1lisis:<\/strong>&nbsp;Son aqu\u00e9llas que bien tratadas por nosotros o por terceros, nos permiten cuantificar el n\u00famero de usuarios y as\u00ed realizar la medici\u00f3n y an\u00e1lisis estad\u00edstico de la utilizaci\u00f3n que hacen los usuarios del servicio ofertado. Para ello se analiza su navegaci\u00f3n en nuestra p\u00e1gina web con el fin de mejorar la oferta de productos o servicios que le ofrecemos.<\/p>\n\n\n\n<p>\u2013&nbsp;<strong>Cookies publicitarias:<\/strong>&nbsp;Son aqu\u00e9llas que, bien tratadas por nosotros o por terceros, nos permiten gestionar de la forma m\u00e1s eficaz posible la oferta de los espacios publicitarios que hay en la p\u00e1gina web, adecuando el contenido del anuncio al contenido del servicio solicitado o al uso que realice de nuestra p\u00e1gina web. Para ello podemos analizar sus h\u00e1bitos de navegaci\u00f3n en Internet y podemos mostrarle publicidad relacionada con su perfil de navegaci\u00f3n.<\/p>\n\n\n\n<p>\u2013&nbsp;<strong>Cookies de publicidad comportamental:<\/strong>&nbsp;Son aqu\u00e9llas que, bien tratadas por nosotros o por terceros, nos permiten la gesti\u00f3n, de la forma m\u00e1s eficaz posible, de los espacios publicitarios que, en su caso, pudieran estar incluidos en este Sitio desde el que se presta el servicio solicitado. Estas cookies almacenan informaci\u00f3n de su comportamiento obtenida a trav\u00e9s de la observaci\u00f3n continuada de sus h\u00e1bitos de navegaci\u00f3n, lo que nos permite desarrollar un perfil espec\u00edfico para mostrar la publicidad en funci\u00f3n del mismo.<\/p>\n\n\n\n<p><strong>Cookies de terceros<\/strong><\/p>\n\n\n\n<p>&nbsp; &nbsp; Para mostrar publicidad y realizar el seguimiento de nuestras comunicaciones de marketing, La Web puede usar medios de terceros. Estos usan los cookies para medir la efectividad de los anuncios y personalizar su contenido. La informaci\u00f3n que puede ser recogida por terceros puede incluir datos tales como la localizaci\u00f3n geogr\u00e1fica (a trav\u00e9s de la direcci\u00f3n IP), datos de contacto o, s\u00f3lo si es introducida a trav\u00e9s de este Sitio, la direcci\u00f3n de correo electr\u00f3nico.<\/p>\n\n\n\n<p><strong>Seguimiento y An\u00e1lisis<\/strong><\/p>\n\n\n\n<p>&nbsp; &nbsp; Para la continua optimizaci\u00f3n de sus comunicaciones de marketing, La Web emplea el software anal\u00edtico Google Analytics. Esta tecnolog\u00eda permite conocer el comportamiento online del visitante en t\u00e9rminos de tiempo, localizaci\u00f3n geogr\u00e1fica y uso de este Sitio. La informaci\u00f3n se recoge a trav\u00e9s de pixels tags y\/o cookies de seguimiento. Esta informaci\u00f3n es an\u00f3nima, no es vinculada con los datos personales y La Web no la comparte con terceros para su uso independiente. Toda la informaci\u00f3n necesaria para el an\u00e1lisis es almacenada en los servidores en Google.<\/p>\n\n\n\n<p><strong>Habilitaci\u00f3n y deshabilitaci\u00f3n de los cookies y de recursos similares<\/strong><\/p>\n\n\n\n<p>&nbsp; &nbsp; Recuerde que ciertas funciones y la plena funcionalidad de este Sitio pueden no estar disponibles despu\u00e9s de deshabilitar los cookies. Puede usted permitir, bloquear o eliminar las cookies instaladas en su equipo mediante la configuraci\u00f3n de las opciones del navegador instalado en su ordenador.<\/p>\n\n\n\n<p>\u2013 Si utiliza Mozilla Firefox: Men\u00fa herramientas, opciones, privacidad, historial, configuraci\u00f3n personalizada.<\/p>\n\n\n\n<p>\u2013 Si usa Internet Explorer: Men\u00fa herramientas, opciones de internet, privacidad, configuraci\u00f3n.<\/p>\n\n\n\n<p>\u2013 Si utiliza Google Chrome: Men\u00fa configuraci\u00f3n, mostrar opciones avanzadas, privacidad, configuraci\u00f3n de contenido.<\/p>\n\n\n\n<p>\u2013 Si utiliza Safari: Men\u00fa preferencias, seguridad.<\/p>\n\n\n\n<p><strong>Cambios en nuestra Pol\u00edtica de Privacidad<\/strong><\/p>\n\n\n\n<p>&nbsp; &nbsp; Cualquier cambio que en el futuro podamos introducir en nuestra pol\u00edtica de privacidad ser\u00e1 comunicado en esta p\u00e1gina. De este modo, podr\u00e1 comprobar regularmente las actualizaciones o cambios en nuestra pol\u00edtica de privacidad.<\/p>\n\n\n\n<p><strong>Contacto<\/strong><\/p>\n\n\n\n<p>\u00a0 \u00a0 Responsable: SERVICIOS FORMATIVOS 2018 SL. \u2013 NIF\/CIF: B70568159 \u2013 Tel\u00e9fono de contacto: 981 212 206 Correo electr\u00f3nico: pesca@pescaengalicia.com \u2013 Direcci\u00f3n postal: PASEO FRANCISCO VAZQUEZ S\/N \u2013 15001 A Coru\u00f1a.<\/p>\n\n\n\n<p>&nbsp; &nbsp; Tambi\u00e9n puede contactar con nosotros para acceder a cualquier informaci\u00f3n personal que hayamos recogido a trav\u00e9s de este Sitio o para ejercer su derecho de rectificaci\u00f3n, bloqueo o anulaci\u00f3n de esta informaci\u00f3n.<\/p>\n\n\n\n<p>&nbsp; &nbsp; Consulte nuestras Condiciones de Uso o Aviso Legal para conocer todos los datos referentes al propietario de la Web.<\/p>\n\n\n\n<p>&nbsp; &nbsp; La Web realiza todos los esfuerzos razonables para asegurar que el contenido del Sitio es preciso y vigente.<\/p>\n","protected":false},"excerpt":{"rendered":"","protected":false},"author":1,"featured_media":0,"parent":0,"menu_order":0,"comment_status":"closed","ping_status":"closed","template":"templates\/template-page-full-width.php","meta":{"footnotes":""},"class_list":["post-1228","page","type-page","status-publish","hentry"],"_links":{"self":[{"href":"https:\/\/pescaengalicia.com\/index.php\/wp-json\/wp\/v2\/pages\/1228","targetHints":{"allow":["GET"]}}],"collection":[{"href":"https:\/\/pescaengalicia.com\/index.php\/wp-json\/wp\/v2\/pages"}],"about":[{"href":"https:\/\/pescaengalicia.com\/index.php\/wp-json\/wp\/v2\/types\/page"}],"author":[{"embeddable":true,"href":"https:\/\/pescaengalicia.com\/index.php\/wp-json\/wp\/v2\/users\/1"}],"replies":[{"embeddable":true,"href":"https:\/\/pescaengalicia.com\/index.php\/wp-json\/wp\/v2\/comments?post=1228"}],"version-history":[{"count":3,"href":"https:\/\/pescaengalicia.com\/index.php\/wp-json\/wp\/v2\/pages\/1228\/revisions"}],"predecessor-version":[{"id":1627,"href":"https:\/\/pescaengalicia.com\/index.php\/wp-json\/wp\/v2\/pages\/1228\/revisions\/1627"}],"wp:attachment":[{"href":"https:\/\/pescaengalicia.com\/index.php\/wp-json\/wp\/v2\/media?parent=1228"}],"curies":[{"name":"wp","href":"https:\/\/api.w.org\/{rel}","templated":true}]}}